{"id":1088,"date":"2022-02-04T16:12:39","date_gmt":"2022-02-04T19:12:39","guid":{"rendered":"https:\/\/revista.suryamkt.com.br\/?page_id=1088"},"modified":"2024-04-10T14:13:16","modified_gmt":"2024-04-10T17:13:16","slug":"sobre","status":"publish","type":"page","link":"https:\/\/revistaabcd.org.br\/pt-br\/sobre\/","title":{"rendered":"Sobre"},"content":{"rendered":"<div class=\"wp-block-buttons is-layout-flex wp-block-buttons-is-layout-flex\">\r\n<div class=\"wp-block-button\"><a class=\"wp-block-button__link wp-element-button\" href=\"https:\/\/revistaabcd.org.br\/pt-br\/about\/\">Text - EN<\/a><\/div>\r\n<\/div>\r\n\r\n\r\n\r\n<h2 class=\"wp-block-heading\">Informa\u00e7\u00f5es B\u00e1sicas<\/h2>\r\n\r\n\r\n\r\n<p>ABCD \u2013 ARQUIVOS BRASILEIROS de CIRURGIA DIGESTIVA \u00e9 peri\u00f3dico com um \u00fanico volume anual em sistema de publica\u00e7\u00e3o continua, \u00f3rg\u00e3o oficial do Col\u00e9gio Brasileiro de Cirurgia Digestiva \u2013 CBCD e tem por miss\u00e3o a publica\u00e7\u00e3o de artigos de estudos cl\u00ednicos e experimentais que contribuam para o desenvolvimento da pesquisa, ensino e assist\u00eancia na \u00e1rea gastroenterologia cir\u00fargica, cl\u00ednica, endosc\u00f3pica e outras correlatas. Tem como se\u00e7\u00f5es principais artigos originais, artigos de revis\u00e3o ou atualiza\u00e7\u00e3o, artigos de opini\u00e3o (a convite) e cartas ao editor. Outras se\u00e7\u00f5es podem existir na depend\u00eancia do interesse da revista ou da necessidade de divulga\u00e7\u00e3o.<\/p>\r\n\r\n\r\n\r\n<h2 class=\"wp-block-heading\">Fontes de Indexa\u00e7\u00e3o<\/h2>\r\n\r\n\r\n\r\n<ul class=\"wp-block-list\">\r\n<li>Medline\/Pubmed,<\/li>\r\n\r\n\r\n\r\n<li>PubMed Central,<\/li>\r\n\r\n\r\n\r\n<li>Scopus \/ SCImago,<\/li>\r\n\r\n\r\n\r\n<li>Web of Science - Emerging Sources Citation Index (ESCI),<\/li>\r\n\r\n\r\n\r\n<li>SciELO,<\/li>\r\n\r\n\r\n\r\n<li>LILACS<\/li>\r\n\r\n\r\n\r\n<li>DOAJ<\/li>\r\n<\/ul>\r\n\r\n\r\n\r\n<h2 class=\"wp-block-heading\">Propriedade Intelectual<\/h2>\r\n\r\n\r\n\r\n<p>Todo o conte\u00fado do peri\u00f3dico, exceto onde est\u00e1 identificado, est\u00e1 licenciado sob uma Licen\u00e7a Creative Commons do tipo atribui\u00e7\u00e3o CC BY 4.0.<\/p>\r\n\r\n\r\n\r\n<h2 class=\"wp-block-heading\">Patrocinadores<\/h2>\r\n\r\n\r\n\r\n<p>A publica\u00e7\u00e3o recebe financiamento de:<\/p>\r\n\r\n\r\n\r\n<ul class=\"wp-block-list\">\r\n<li>Col\u00e9gio Brasileiro de Cirurgia Digestiva \u2013 <a href=\"https:\/\/cbcd.org.br\/\" rel=\"nofollow noopener\" target=\"_blank\">www.cbcd.org.br<\/a><\/li>\r\n\r\n\r\n\r\n<li>Associa\u00e7\u00e3o Brasileira de C\u00e2ncer G\u00e1strico \u2013 <a href=\"https:\/\/www.abcg.org.br\/\" rel=\"nofollow noopener\" target=\"_blank\">www.abcg.org.br<\/a><\/li>\r\n<li>Brazilian Society of Bariatric and Metabolic Surgery - <a href=\"https:\/\/www.cbhpb.com.br\/\" target=\"_blank\" rel=\"noopener nofollow\">www.sbcbm.org.br<\/a><\/li>\r\n\r\n\r\n\r\n<li>COL\u00c9GIO BRASILEIRO DE CIRURGIA HEPATO PANCREATO BILIAR \u2013 <a href=\"https:\/\/www.cbhpb.com.br\/\" target=\"_blank\" rel=\"noopener nofollow\">www.cbhpb.com.br<\/a><\/li>\r\n\r\n\r\n\r\n<li>Grupo de Estudos das Doen\u00e7as\u00a0do\u00a0P\u00e2ncreas<\/li>\r\n<\/ul>\r\n\r\n\r\n\r\n<h2 class=\"wp-block-heading\">Assinaturas<\/h2>\r\n\r\n\r\n\r\n<p>A revista \u00e9 online, tem acesso aberto e gratuito<\/p>","protected":false},"excerpt":{"rendered":"<p>Informa\u00e7\u00f5es B\u00e1sicas ABCD \u2013 ARQUIVOS BRASILEIROS de CIRURGIA DIGESTIVA \u00e9 peri\u00f3dico com um \u00fanico volume anual em sistema de publica\u00e7\u00e3o continua, \u00f3rg\u00e3o oficial do Col\u00e9gio Brasileiro de Cirurgia Digestiva \u2013 CBCD e tem por miss\u00e3o a publica\u00e7\u00e3o de artigos de estudos cl\u00ednicos e experimentais que contribuam para o desenvolvimento da pesquisa, ensino e assist\u00eancia na [&hellip;]<\/p>","protected":false},"author":4,"featured_media":0,"parent":0,"menu_order":0,"comment_status":"closed","ping_status":"closed","template":"","meta":{"_acf_changed":false,"_lmt_disableupdate":"no","_lmt_disable":"","footnotes":""},"class_list":["post-1088","page","type-page","status-publish","hentry"],"acf":[],"_links":{"self":[{"href":"https:\/\/revistaabcd.org.br\/pt-br\/wp-json\/wp\/v2\/pages\/1088","targetHints":{"allow":["GET"]}}],"collection":[{"href":"https:\/\/revistaabcd.org.br\/pt-br\/wp-json\/wp\/v2\/pages"}],"about":[{"href":"https:\/\/revistaabcd.org.br\/pt-br\/wp-json\/wp\/v2\/types\/page"}],"author":[{"embeddable":true,"href":"https:\/\/revistaabcd.org.br\/pt-br\/wp-json\/wp\/v2\/users\/4"}],"replies":[{"embeddable":true,"href":"https:\/\/revistaabcd.org.br\/pt-br\/wp-json\/wp\/v2\/comments?post=1088"}],"version-history":[{"count":0,"href":"https:\/\/revistaabcd.org.br\/pt-br\/wp-json\/wp\/v2\/pages\/1088\/revisions"}],"wp:attachment":[{"href":"https:\/\/revistaabcd.org.br\/pt-br\/wp-json\/wp\/v2\/media?parent=1088"}],"curies":[{"name":"wp","href":"https:\/\/api.w.org\/{rel}","templated":true}]}}