{"id":5561,"date":"2024-02-08T15:15:21","date_gmt":"2024-02-08T18:15:21","guid":{"rendered":"https:\/\/revistaabcd.org.br\/?page_id=5561"},"modified":"2024-02-08T15:43:32","modified_gmt":"2024-02-08T18:43:32","slug":"new-premio-prof-dr-osvaldo-malafaia","status":"publish","type":"page","link":"https:\/\/revistaabcd.org.br\/pt-br\/new-premio-prof-dr-osvaldo-malafaia\/","title":{"rendered":"new PR\u00caMIO PROF. DR. OSVALDO MALAFAIA"},"content":{"rendered":"<h2>Informa\u00e7\u00f5es b\u00e1sicas da Revista<\/h2>\n<p>O ABCD (ARQUIVOS BRASILEIROS de CIRURGIA DIGESTIVA) \u00e9 um peri\u00f3dico trimestral com volume \u00fanico anual e \u00f3rg\u00e3o oficial do Col\u00e9gio Brasileiro de Cirurgia Digestiva (CBCD), e tem como miss\u00e3o publicar artigos sobre estudos cl\u00ednicos e experimentais que contribuir para o desenvolvimento da pesquisa, do ensino e da assist\u00eancia na gastroenterologia cir\u00fargica e cl\u00ednica e outras \u00e1reas afins. Suas principais se\u00e7\u00f5es s\u00e3o artigos originais, artigos de revis\u00e3o ou atualiza\u00e7\u00e3o, artigos de opini\u00e3o (a convite) e cartas ao editor. Outras se\u00e7\u00f5es poder\u00e3o existir dependendo do interesse da revista ou da necessidade de divulga\u00e7\u00e3o de temas relevantes que n\u00e3o estejam inclu\u00eddos nos formul\u00e1rios acima mencionados.<\/p>\n<p>O t\u00edtulo abreviado da revista \u00e9 ABCD: Arq Bras Cir Dig., que deve ser utilizado em bibliografias, notas de rodap\u00e9, refer\u00eancias e legendas bibliogr\u00e1ficas.<\/p>\n<h2>Propriedade intelectual<\/h2>\n<p>Todo o conte\u00fado da revista, exceto quando identificado, \u00e9 licenciado sob uma licen\u00e7a Creative Commons (CC BY).<\/p>\n<h2>Colaboradores:<\/h2>\n<p>A revista recebe financiamento de:<\/p>\n<ul>\n<li>Col\u00e9gio Brasileiro de Cirurgia Digestiva<\/li>\n<li>Sociedade Brasileira de Cirurgia Bari\u00e1trica e Metab\u00f3lica SBCBM.<\/li>\n<li>Associa\u00e7\u00e3o Brasileira de C\u00e2ncer G\u00e1strico<\/li>\n<li>Cap\u00edtulo Brasileiro da Associa\u00e7\u00e3o Internacional Hepato-Pancreato-Biliar<\/li>\n<li>Grupo de Estudos de Doen\u00e7as Pancre\u00e1ticas<\/li>\n<\/ul>","protected":false},"excerpt":{"rendered":"<p>Journal\u2019s basic information ABCD (ARQUIVOS BRASILEIROS de CIRURGIA DIGESTIVA - Brazilian Archives of Digestive Surgery) is a quarterly periodical with a single annual volume and official organ of the Brazilian College of Digestive Surgery (CBCD), and its mission is to publish articles on clinical and experimental studies that contribute to the development of research, teaching [&hellip;]<\/p>","protected":false},"author":4,"featured_media":0,"parent":0,"menu_order":0,"comment_status":"closed","ping_status":"closed","template":"","meta":{"_acf_changed":false,"_lmt_disableupdate":"no","_lmt_disable":"","footnotes":""},"class_list":["post-5561","page","type-page","status-publish","hentry"],"acf":[],"_links":{"self":[{"href":"https:\/\/revistaabcd.org.br\/pt-br\/wp-json\/wp\/v2\/pages\/5561","targetHints":{"allow":["GET"]}}],"collection":[{"href":"https:\/\/revistaabcd.org.br\/pt-br\/wp-json\/wp\/v2\/pages"}],"about":[{"href":"https:\/\/revistaabcd.org.br\/pt-br\/wp-json\/wp\/v2\/types\/page"}],"author":[{"embeddable":true,"href":"https:\/\/revistaabcd.org.br\/pt-br\/wp-json\/wp\/v2\/users\/4"}],"replies":[{"embeddable":true,"href":"https:\/\/revistaabcd.org.br\/pt-br\/wp-json\/wp\/v2\/comments?post=5561"}],"version-history":[{"count":0,"href":"https:\/\/revistaabcd.org.br\/pt-br\/wp-json\/wp\/v2\/pages\/5561\/revisions"}],"wp:attachment":[{"href":"https:\/\/revistaabcd.org.br\/pt-br\/wp-json\/wp\/v2\/media?parent=5561"}],"curies":[{"name":"wp","href":"https:\/\/api.w.org\/{rel}","templated":true}]}}